{"id":114,"date":"2020-04-15T07:34:25","date_gmt":"2020-04-15T07:34:25","guid":{"rendered":"https:\/\/www.mattigroup.fi\/?page_id=114"},"modified":"2025-01-26T08:37:50","modified_gmt":"2025-01-26T08:37:50","slug":"palvelut","status":"publish","type":"page","link":"http:\/\/www.mattigroup.fi\/fi\/palvelut\/","title":{"rendered":"Palvelut"},"content":{"rendered":"\t\t<div data-elementor-type=\"wp-page\" data-elementor-id=\"114\" class=\"elementor elementor-114\">\n\t\t\t\t\t\t<div class=\"elementor-inner\">\n\t\t\t\t<div class=\"elementor-section-wrap\">\n\t\t\t\t\t\t\t\t\t<section class=\"elementor-section elementor-top-section elementor-element elementor-element-304b744c elementor-section-height-min-height elementor-section-boxed elementor-section-height-default elementor-section-items-middle\" data-id=\"304b744c\" data-element_type=\"section\" id=\"uppage\" data-settings=\"{&quot;background_background&quot;:&quot;classic&quot;}\">\n\t\t\t\t\t\t\t<div class=\"elementor-background-overlay\"><\/div>\n\t\t\t\t\t\t\t<div class=\"elementor-container elementor-column-gap-no\">\n\t\t\t\t\t\t\t<div class=\"elementor-row\">\n\t\t\t\t\t<div class=\"elementor-column elementor-col-100 elementor-top-column elementor-element elementor-element-b2b5ac9\" data-id=\"b2b5ac9\" data-element_type=\"column\">\n\t\t\t<div class=\"elementor-column-wrap elementor-element-populated\">\n\t\t\t\t\t\t\t<div class=\"elementor-widget-wrap\">\n\t\t\t\t\t\t<div class=\"elementor-element elementor-element-a730d90 elementor-widget elementor-widget-heading\" data-id=\"a730d90\" data-element_type=\"widget\" data-widget_type=\"heading.default\">\n\t\t\t\t<div class=\"elementor-widget-container\">\n\t\t\t<h1 class=\"elementor-heading-title elementor-size-large\">Palvelumme<\/h1>\t\t<\/div>\n\t\t\t\t<\/div>\n\t\t\t\t<div class=\"elementor-element elementor-element-6822b166 elementor-widget elementor-widget-heading\" data-id=\"6822b166\" data-element_type=\"widget\" data-widget_type=\"heading.default\">\n\t\t\t\t<div class=\"elementor-widget-container\">\n\t\t\t<h2 class=\"elementor-heading-title elementor-size-large\">Tarkasta ty\u00f6suunnittelmasta upeaan lopputulokseen, sinun ehdoillasi.<\/h2>\t\t<\/div>\n\t\t\t\t<\/div>\n\t\t\t\t<div class=\"elementor-element elementor-element-37ade5bb elementor-widget elementor-widget-spacer\" data-id=\"37ade5bb\" data-element_type=\"widget\" data-widget_type=\"spacer.default\">\n\t\t\t\t<div class=\"elementor-widget-container\">\n\t\t\t\t\t<div class=\"elementor-spacer\">\n\t\t\t<div class=\"elementor-spacer-inner\"><\/div>\n\t\t<\/div>\n\t\t\t\t<\/div>\n\t\t\t\t<\/div>\n\t\t\t\t\t\t<\/div>\n\t\t\t\t\t<\/div>\n\t\t<\/div>\n\t\t\t\t\t\t\t\t<\/div>\n\t\t\t\t\t<\/div>\n\t\t<\/section>\n\t\t\t\t<section class=\"elementor-section elementor-top-section elementor-element elementor-element-6ce958c1 elementor-section-boxed elementor-section-height-default elementor-section-height-default\" data-id=\"6ce958c1\" data-element_type=\"section\">\n\t\t\t\t\t\t<div class=\"elementor-container elementor-column-gap-default\">\n\t\t\t\t\t\t\t<div class=\"elementor-row\">\n\t\t\t\t\t<div class=\"elementor-column elementor-col-100 elementor-top-column elementor-element elementor-element-ee3a082\" data-id=\"ee3a082\" data-element_type=\"column\">\n\t\t\t<div class=\"elementor-column-wrap elementor-element-populated\">\n\t\t\t\t\t\t\t<div class=\"elementor-widget-wrap\">\n\t\t\t\t\t\t<div class=\"elementor-element elementor-element-830bc53 elementor-widget elementor-widget-text-editor\" data-id=\"830bc53\" data-element_type=\"widget\" data-widget_type=\"text-editor.default\">\n\t\t\t\t<div class=\"elementor-widget-container\">\n\t\t\t\t\t\t\t\t<div class=\"elementor-text-editor elementor-clearfix\">\n\t\t\t\t<p><span data-contrast=\"auto\">Amma<\/span><span data-contrast=\"auto\">ttitaidolla\u00a0<\/span><span data-contrast=\"auto\">sek\u00e4<\/span><span data-contrast=\"auto\"> intohimolla <\/span><span data-contrast=\"auto\">toteutettuja <\/span><span data-contrast=\"auto\">innovatiivisia ja luovia ratkaisuja niin <\/span><span data-contrast=\"auto\">uudisrakentamiseen, <\/span><span data-contrast=\"auto\">sa<\/span><span data-contrast=\"auto\">neeraukseen<\/span><span data-contrast=\"auto\"> kuin <\/span><span data-contrast=\"auto\">kalustetarpeisiinkin.<\/span><span data-ccp-props=\"{}\">\u00a0<\/span><\/p><p><span data-contrast=\"auto\">Kautta<\/span><span data-contrast=\"auto\">mme<\/span><span data-contrast=\"auto\"> saat my\u00f6s<\/span><span data-contrast=\"auto\"> laadukkaat erikois- ja puumateriaalit <\/span><span data-contrast=\"auto\">Espanjasta sek\u00e4<\/span><span data-contrast=\"auto\">\u00a0Ven\u00e4j\u00e4lt\u00e4<\/span><span data-contrast=\"auto\">.<\/span><span data-ccp-props=\"{}\">\u00a0<\/span><\/p><p><span data-contrast=\"auto\">Tutustu palveluihimme <\/span><span data-contrast=\"auto\">tarkemmin<\/span><span data-contrast=\"auto\">:<\/span><span data-ccp-props=\"{}\">\u00a0<\/span><\/p>\t\t\t\t\t<\/div>\n\t\t\t\t\t\t<\/div>\n\t\t\t\t<\/div>\n\t\t\t\t\t\t<\/div>\n\t\t\t\t\t<\/div>\n\t\t<\/div>\n\t\t\t\t\t\t\t\t<\/div>\n\t\t\t\t\t<\/div>\n\t\t<\/section>\n\t\t\t\t<section class=\"elementor-section elementor-top-section elementor-element elementor-element-368fec24 elementor-section-boxed elementor-section-height-default elementor-section-height-default\" data-id=\"368fec24\" data-element_type=\"section\">\n\t\t\t\t\t\t<div class=\"elementor-container elementor-column-gap-default\">\n\t\t\t\t\t\t\t<div class=\"elementor-row\">\n\t\t\t\t\t<div class=\"elementor-column elementor-col-33 elementor-top-column elementor-element elementor-element-42cf6345\" data-id=\"42cf6345\" data-element_type=\"column\">\n\t\t\t<div class=\"elementor-column-wrap elementor-element-populated\">\n\t\t\t\t\t\t\t<div class=\"elementor-widget-wrap\">\n\t\t\t\t\t\t<div class=\"elementor-element elementor-element-29acd0af elementor-position-top elementor-vertical-align-top elementor-widget elementor-widget-image-box\" data-id=\"29acd0af\" data-element_type=\"widget\" data-widget_type=\"image-box.default\">\n\t\t\t\t<div class=\"elementor-widget-container\">\n\t\t\t<div class=\"elementor-image-box-wrapper\"><figure class=\"elementor-image-box-img\"><img decoding=\"async\" width=\"63\" height=\"51\" src=\"https:\/\/www.mattigroup.fi\/wp-content\/uploads\/2020\/06\/Asset-4.png\" class=\"attachment-full size-full\" alt=\"\" loading=\"lazy\" \/><\/figure><div class=\"elementor-image-box-content\"><h3 class=\"elementor-image-box-title\">Uudisrakentaminen ja remontointi<\/h3><p class=\"elementor-image-box-description\">Toteutamme uusia sek\u00e4 p\u00e4ivitettyj\u00e4 rakennust\u00f6it\u00e4 tarpeidesi mukaan.<\/p><\/div><\/div>\t\t<\/div>\n\t\t\t\t<\/div>\n\t\t\t\t\t\t<\/div>\n\t\t\t\t\t<\/div>\n\t\t<\/div>\n\t\t\t\t<div class=\"elementor-column elementor-col-33 elementor-top-column elementor-element elementor-element-26ef33fc\" data-id=\"26ef33fc\" data-element_type=\"column\">\n\t\t\t<div class=\"elementor-column-wrap elementor-element-populated\">\n\t\t\t\t\t\t\t<div class=\"elementor-widget-wrap\">\n\t\t\t\t\t\t<div class=\"elementor-element elementor-element-490e499a elementor-position-top elementor-vertical-align-top elementor-widget elementor-widget-image-box\" data-id=\"490e499a\" data-element_type=\"widget\" data-widget_type=\"image-box.default\">\n\t\t\t\t<div class=\"elementor-widget-container\">\n\t\t\t<div class=\"elementor-image-box-wrapper\"><figure class=\"elementor-image-box-img\"><img decoding=\"async\" width=\"47\" height=\"60\" src=\"https:\/\/www.mattigroup.fi\/wp-content\/uploads\/2020\/06\/Asset-2.png\" class=\"attachment-full size-full\" alt=\"\" loading=\"lazy\" \/><\/figure><div class=\"elementor-image-box-content\"><h3 class=\"elementor-image-box-title\">Kalusteratkaisut ja -asennukset<\/h3><p class=\"elementor-image-box-description\">Luomme ainutlaatuisia ratkaisuja kalustetarpeisiin ja -asennukseen.<\/p><\/div><\/div>\t\t<\/div>\n\t\t\t\t<\/div>\n\t\t\t\t\t\t<\/div>\n\t\t\t\t\t<\/div>\n\t\t<\/div>\n\t\t\t\t<div class=\"elementor-column elementor-col-33 elementor-top-column elementor-element elementor-element-49bd5780\" data-id=\"49bd5780\" data-element_type=\"column\">\n\t\t\t<div class=\"elementor-column-wrap elementor-element-populated\">\n\t\t\t\t\t\t\t<div class=\"elementor-widget-wrap\">\n\t\t\t\t\t\t<div class=\"elementor-element elementor-element-6472ed6c elementor-position-top elementor-vertical-align-top elementor-widget elementor-widget-image-box\" data-id=\"6472ed6c\" data-element_type=\"widget\" data-widget_type=\"image-box.default\">\n\t\t\t\t<div class=\"elementor-widget-container\">\n\t\t\t<div class=\"elementor-image-box-wrapper\"><figure class=\"elementor-image-box-img\"><img decoding=\"async\" width=\"64\" height=\"56\" src=\"https:\/\/www.mattigroup.fi\/wp-content\/uploads\/2020\/06\/Asset-1.png\" class=\"attachment-full size-full\" alt=\"\" loading=\"lazy\" \/><\/figure><div class=\"elementor-image-box-content\"><h3 class=\"elementor-image-box-title\">pintak\u00e4sittelyt<\/h3><p class=\"elementor-image-box-description\">K\u00e4sittelemme ja huollamme vaativimmatkin pinnat kotimaisella ammattitaidolla.<\/p><\/div><\/div>\t\t<\/div>\n\t\t\t\t<\/div>\n\t\t\t\t\t\t<\/div>\n\t\t\t\t\t<\/div>\n\t\t<\/div>\n\t\t\t\t\t\t\t\t<\/div>\n\t\t\t\t\t<\/div>\n\t\t<\/section>\n\t\t\t\t<section class=\"elementor-section elementor-top-section elementor-element elementor-element-42ab74b0 elementor-section-boxed elementor-section-height-default elementor-section-height-default\" data-id=\"42ab74b0\" data-element_type=\"section\">\n\t\t\t\t\t\t<div class=\"elementor-container elementor-column-gap-default\">\n\t\t\t\t\t\t\t<div class=\"elementor-row\">\n\t\t\t\t\t<div class=\"elementor-column elementor-col-33 elementor-top-column elementor-element elementor-element-39a3b04e\" data-id=\"39a3b04e\" data-element_type=\"column\">\n\t\t\t<div class=\"elementor-column-wrap elementor-element-populated\">\n\t\t\t\t\t\t\t<div class=\"elementor-widget-wrap\">\n\t\t\t\t\t\t<div class=\"elementor-element elementor-element-67dae4f6 elementor-position-top elementor-vertical-align-top elementor-widget elementor-widget-image-box\" data-id=\"67dae4f6\" data-element_type=\"widget\" data-widget_type=\"image-box.default\">\n\t\t\t\t<div class=\"elementor-widget-container\">\n\t\t\t<div class=\"elementor-image-box-wrapper\"><figure class=\"elementor-image-box-img\"><img decoding=\"async\" width=\"56\" height=\"56\" src=\"https:\/\/www.mattigroup.fi\/wp-content\/uploads\/2020\/06\/Asset-6.png\" class=\"attachment-full size-full\" alt=\"\" loading=\"lazy\" \/><\/figure><div class=\"elementor-image-box-content\"><h3 class=\"elementor-image-box-title\">portaat<\/h3><p class=\"elementor-image-box-description\">Rakennamme millintarkat puiset porrasrakenteet suunnitelmiesi mukaan.<\/p><\/div><\/div>\t\t<\/div>\n\t\t\t\t<\/div>\n\t\t\t\t\t\t<\/div>\n\t\t\t\t\t<\/div>\n\t\t<\/div>\n\t\t\t\t<div class=\"elementor-column elementor-col-33 elementor-top-column elementor-element elementor-element-4d8c9a7c\" data-id=\"4d8c9a7c\" data-element_type=\"column\">\n\t\t\t<div class=\"elementor-column-wrap elementor-element-populated\">\n\t\t\t\t\t\t\t<div class=\"elementor-widget-wrap\">\n\t\t\t\t\t\t<div class=\"elementor-element elementor-element-43217a40 elementor-position-top elementor-vertical-align-top elementor-widget elementor-widget-image-box\" data-id=\"43217a40\" data-element_type=\"widget\" data-widget_type=\"image-box.default\">\n\t\t\t\t<div class=\"elementor-widget-container\">\n\t\t\t<div class=\"elementor-image-box-wrapper\"><figure class=\"elementor-image-box-img\"><img decoding=\"async\" width=\"57\" height=\"58\" src=\"https:\/\/www.mattigroup.fi\/wp-content\/uploads\/2020\/06\/Asset-3.png\" class=\"attachment-full size-full\" alt=\"\" loading=\"lazy\" \/><\/figure><div class=\"elementor-image-box-content\"><h3 class=\"elementor-image-box-title\">Lattiat<\/h3><p class=\"elementor-image-box-description\">Autamme l\u00f6yt\u00e4m\u00e4\u00e4n oikeat materiaalit ja asennamme kulutusta sek\u00e4 aikaa kest\u00e4v\u00e4t lattiat <\/p><\/div><\/div>\t\t<\/div>\n\t\t\t\t<\/div>\n\t\t\t\t\t\t<\/div>\n\t\t\t\t\t<\/div>\n\t\t<\/div>\n\t\t\t\t<div class=\"elementor-column elementor-col-33 elementor-top-column elementor-element elementor-element-1c7e40ee\" data-id=\"1c7e40ee\" data-element_type=\"column\">\n\t\t\t<div class=\"elementor-column-wrap elementor-element-populated\">\n\t\t\t\t\t\t\t<div class=\"elementor-widget-wrap\">\n\t\t\t\t\t\t<div class=\"elementor-element elementor-element-48d9281a elementor-position-top elementor-vertical-align-top elementor-widget elementor-widget-image-box\" data-id=\"48d9281a\" data-element_type=\"widget\" data-widget_type=\"image-box.default\">\n\t\t\t\t<div class=\"elementor-widget-container\">\n\t\t\t<div class=\"elementor-image-box-wrapper\"><figure class=\"elementor-image-box-img\"><img decoding=\"async\" width=\"53\" height=\"68\" src=\"https:\/\/www.mattigroup.fi\/wp-content\/uploads\/2020\/06\/Asset-5.png\" class=\"attachment-full size-full\" alt=\"\" loading=\"lazy\" \/><\/figure><div class=\"elementor-image-box-content\"><h3 class=\"elementor-image-box-title\">Toimitilojen erikoisratkaisut<\/h3><p class=\"elementor-image-box-description\">Vangitsemme yrityksesi br\u00e4ndin ja tunnelman kalusteisiin sek\u00e4 sisustukseen.<\/p><\/div><\/div>\t\t<\/div>\n\t\t\t\t<\/div>\n\t\t\t\t\t\t<\/div>\n\t\t\t\t\t<\/div>\n\t\t<\/div>\n\t\t\t\t\t\t\t\t<\/div>\n\t\t\t\t\t<\/div>\n\t\t<\/section>\n\t\t\t\t<section class=\"elementor-section elementor-top-section elementor-element elementor-element-12e2b674 elementor-section-full_width elementor-reverse-mobile elementor-section-height-default elementor-section-height-default\" data-id=\"12e2b674\" data-element_type=\"section\" data-settings=\"{&quot;background_background&quot;:&quot;none&quot;}\">\n\t\t\t\t\t\t<div class=\"elementor-container elementor-column-gap-default\">\n\t\t\t\t\t\t\t<div class=\"elementor-row\">\n\t\t\t\t\t<div class=\"elementor-column elementor-col-50 elementor-top-column elementor-element elementor-element-7773e4bc\" data-id=\"7773e4bc\" data-element_type=\"column\" data-settings=\"{&quot;background_background&quot;:&quot;classic&quot;}\">\n\t\t\t<div class=\"elementor-column-wrap elementor-element-populated\">\n\t\t\t\t\t\t\t<div class=\"elementor-widget-wrap\">\n\t\t\t\t\t\t<div class=\"elementor-element elementor-element-2502cfb5 elementor-widget elementor-widget-heading\" data-id=\"2502cfb5\" data-element_type=\"widget\" data-widget_type=\"heading.default\">\n\t\t\t\t<div class=\"elementor-widget-container\">\n\t\t\t<h2 class=\"elementor-heading-title elementor-size-large\">Kustannukset<\/h2>\t\t<\/div>\n\t\t\t\t<\/div>\n\t\t\t\t<div class=\"elementor-element elementor-element-54320496 elementor-widget-divider--view-line elementor-widget elementor-widget-divider\" data-id=\"54320496\" data-element_type=\"widget\" data-widget_type=\"divider.default\">\n\t\t\t\t<div class=\"elementor-widget-container\">\n\t\t\t\t\t<div class=\"elementor-divider\">\n\t\t\t<span class=\"elementor-divider-separator\">\n\t\t\t\t\t\t<\/span>\n\t\t<\/div>\n\t\t\t\t<\/div>\n\t\t\t\t<\/div>\n\t\t\t\t<div class=\"elementor-element elementor-element-6caea35c elementor-widget elementor-widget-text-editor\" data-id=\"6caea35c\" data-element_type=\"widget\" data-widget_type=\"text-editor.default\">\n\t\t\t\t<div class=\"elementor-widget-container\">\n\t\t\t\t\t\t\t\t<div class=\"elementor-text-editor elementor-clearfix\">\n\t\t\t\t<p><span data-contrast=\"auto\">Hintamme ovat kilpailukykyisi\u00e4 niin tunti- kuin urakkasopimuksellakin ja teemme materiaalinhankinnan\u00a0<\/span><span data-contrast=\"auto\">vaivattomaksi<\/span><span data-contrast=\"auto\">\u00a0sek\u00e4 edullisemmaksi asiakkaalle. Kauttamme saat\u00a0<\/span><span data-contrast=\"auto\">my\u00f6s<\/span><span data-contrast=\"auto\">\u00a0<\/span><span data-contrast=\"auto\">selke\u00e4t sek\u00e4 eritellyt laskut nopeasti.\u00a0<\/span><span data-contrast=\"auto\">T<\/span><span data-contrast=\"auto\">\u00e4m\u00e4n lis\u00e4ksi t<\/span><span data-contrast=\"auto\">y\u00f6st\u00e4 on<\/span><span data-contrast=\"auto\">\u00a0mahdollista saada kotitalousv\u00e4hennys.<\/span>\u00a0<\/p><p>\u00a0<span data-contrast=\"auto\">Tuntihintamme\u00a0<\/span><span data-contrast=\"auto\">ovat 42 \u20ac \/<\/span><span data-contrast=\"auto\">\u00a0tunti (alv.\u00a0<\/span><span data-contrast=\"auto\">0%) (Matkakustannukset eiv\u00e4t sis\u00e4lly hintaan.)<\/span><\/p><p><span data-contrast=\"auto\">Onko sinulla tarve urakkasopimukselle?<\/span><\/p>\t\t\t\t\t<\/div>\n\t\t\t\t\t\t<\/div>\n\t\t\t\t<\/div>\n\t\t\t\t<div class=\"elementor-element elementor-element-a33523c elementor-align-justify elementor-widget elementor-widget-button\" data-id=\"a33523c\" data-element_type=\"widget\" data-widget_type=\"button.default\">\n\t\t\t\t<div class=\"elementor-widget-container\">\n\t\t\t\t\t<div class=\"elementor-button-wrapper\">\n\t\t\t<a href=\"https:\/\/www.mattigroup.fi\/ota-yhteytta\/\" class=\"elementor-button-link elementor-button elementor-size-sm\" role=\"button\">\n\t\t\t\t\t\t<span class=\"elementor-button-content-wrapper\">\n\t\t\t\t\t\t<span class=\"elementor-button-text\">OTA YHTEYTT\u00c4<\/span>\n\t\t<\/span>\n\t\t\t\t\t<\/a>\n\t\t<\/div>\n\t\t\t\t<\/div>\n\t\t\t\t<\/div>\n\t\t\t\t\t\t<\/div>\n\t\t\t\t\t<\/div>\n\t\t<\/div>\n\t\t\t\t<div class=\"elementor-column elementor-col-50 elementor-top-column elementor-element elementor-element-2fab49ec\" data-id=\"2fab49ec\" data-element_type=\"column\" data-settings=\"{&quot;background_background&quot;:&quot;classic&quot;}\">\n\t\t\t<div class=\"elementor-column-wrap elementor-element-populated\">\n\t\t\t\t\t\t\t<div class=\"elementor-widget-wrap\">\n\t\t\t\t\t\t<div class=\"elementor-element elementor-element-72a0aa34 elementor-widget elementor-widget-spacer\" data-id=\"72a0aa34\" data-element_type=\"widget\" data-widget_type=\"spacer.default\">\n\t\t\t\t<div class=\"elementor-widget-container\">\n\t\t\t\t\t<div class=\"elementor-spacer\">\n\t\t\t<div class=\"elementor-spacer-inner\"><\/div>\n\t\t<\/div>\n\t\t\t\t<\/div>\n\t\t\t\t<\/div>\n\t\t\t\t\t\t<\/div>\n\t\t\t\t\t<\/div>\n\t\t<\/div>\n\t\t\t\t\t\t\t\t<\/div>\n\t\t\t\t\t<\/div>\n\t\t<\/section>\n\t\t\t\t\t\t\t\t\t<\/div>\n\t\t\t<\/div>\n\t\t\t\t\t<\/div>\n\t\t","protected":false},"excerpt":{"rendered":"<p>Palvelumme Tarkasta ty\u00f6suunnittelmasta upeaan lopputulokseen, sinun ehdoillasi. Ammattitaidolla\u00a0sek\u00e4 intohimolla toteutettuja innovatiivisia ja luovia ratkaisuja niin uudisrakentamiseen, saneeraukseen kuin kalustetarpeisiinkin.\u00a0 Kauttamme saat my\u00f6s laadukkaat erikois- ja puumateriaalit Espanjasta sek\u00e4\u00a0Ven\u00e4j\u00e4lt\u00e4.\u00a0 Tutustu palveluihimme tarkemmin:\u00a0 Uudisrakentaminen ja remontointi Toteutamme uusia sek\u00e4 p\u00e4ivitettyj\u00e4 rakennust\u00f6it\u00e4 tarpeidesi mukaan. Kalusteratkaisut ja -asennukset Luomme ainutlaatuisia ratkaisuja kalustetarpeisiin ja -asennukseen. pintak\u00e4sittelyt K\u00e4sittelemme ja huollamme vaativimmatkin [&hellip;]<\/p>\n","protected":false},"author":1,"featured_media":0,"parent":0,"menu_order":0,"comment_status":"closed","ping_status":"closed","template":"","meta":[],"_links":{"self":[{"href":"http:\/\/www.mattigroup.fi\/fi\/wp-json\/wp\/v2\/pages\/114"}],"collection":[{"href":"http:\/\/www.mattigroup.fi\/fi\/wp-json\/wp\/v2\/pages"}],"about":[{"href":"http:\/\/www.mattigroup.fi\/fi\/wp-json\/wp\/v2\/types\/page"}],"author":[{"embeddable":true,"href":"http:\/\/www.mattigroup.fi\/fi\/wp-json\/wp\/v2\/users\/1"}],"replies":[{"embeddable":true,"href":"http:\/\/www.mattigroup.fi\/fi\/wp-json\/wp\/v2\/comments?post=114"}],"version-history":[{"count":23,"href":"http:\/\/www.mattigroup.fi\/fi\/wp-json\/wp\/v2\/pages\/114\/revisions"}],"predecessor-version":[{"id":356,"href":"http:\/\/www.mattigroup.fi\/fi\/wp-json\/wp\/v2\/pages\/114\/revisions\/356"}],"wp:attachment":[{"href":"http:\/\/www.mattigroup.fi\/fi\/wp-json\/wp\/v2\/media?parent=114"}],"curies":[{"name":"wp","href":"https:\/\/api.w.org\/{rel}","templated":true}]}}