{"id":148,"date":"2020-04-24T20:13:09","date_gmt":"2020-04-24T20:13:09","guid":{"rendered":"https:\/\/www.mattigroup.fi\/?page_id=148"},"modified":"2023-01-12T09:24:13","modified_gmt":"2023-01-12T09:24:13","slug":"meista","status":"publish","type":"page","link":"http:\/\/www.mattigroup.fi\/fi\/meista\/","title":{"rendered":"Meist\u00e4"},"content":{"rendered":"\t\t<div data-elementor-type=\"wp-page\" data-elementor-id=\"148\" class=\"elementor elementor-148\">\n\t\t\t\t\t\t<div class=\"elementor-inner\">\n\t\t\t\t<div class=\"elementor-section-wrap\">\n\t\t\t\t\t\t\t\t\t<section class=\"elementor-section elementor-top-section elementor-element elementor-element-bdc72a0 elementor-section-height-min-height elementor-section-boxed elementor-section-height-default elementor-section-items-middle\" data-id=\"bdc72a0\" data-element_type=\"section\" id=\"uppage\" data-settings=\"{&quot;background_background&quot;:&quot;classic&quot;}\">\n\t\t\t\t\t\t\t<div class=\"elementor-background-overlay\"><\/div>\n\t\t\t\t\t\t\t<div class=\"elementor-container elementor-column-gap-no\">\n\t\t\t\t\t\t\t<div class=\"elementor-row\">\n\t\t\t\t\t<div class=\"elementor-column elementor-col-100 elementor-top-column elementor-element elementor-element-2207071\" data-id=\"2207071\" data-element_type=\"column\">\n\t\t\t<div class=\"elementor-column-wrap elementor-element-populated\">\n\t\t\t\t\t\t\t<div class=\"elementor-widget-wrap\">\n\t\t\t\t\t\t<div class=\"elementor-element elementor-element-62e4b4f elementor-widget elementor-widget-heading\" data-id=\"62e4b4f\" data-element_type=\"widget\" data-widget_type=\"heading.default\">\n\t\t\t\t<div class=\"elementor-widget-container\">\n\t\t\t<h2 class=\"elementor-heading-title elementor-size-default\">Meist\u00e4<\/h2>\t\t<\/div>\n\t\t\t\t<\/div>\n\t\t\t\t<div class=\"elementor-element elementor-element-ea6be3a elementor-widget elementor-widget-spacer\" data-id=\"ea6be3a\" data-element_type=\"widget\" data-widget_type=\"spacer.default\">\n\t\t\t\t<div class=\"elementor-widget-container\">\n\t\t\t\t\t<div class=\"elementor-spacer\">\n\t\t\t<div class=\"elementor-spacer-inner\"><\/div>\n\t\t<\/div>\n\t\t\t\t<\/div>\n\t\t\t\t<\/div>\n\t\t\t\t\t\t<\/div>\n\t\t\t\t\t<\/div>\n\t\t<\/div>\n\t\t\t\t\t\t\t\t<\/div>\n\t\t\t\t\t<\/div>\n\t\t<\/section>\n\t\t\t\t<section class=\"elementor-section elementor-top-section elementor-element elementor-element-6e1fc6ed elementor-section-full_width elementor-section-height-min-height elementor-section-items-stretch elementor-section-content-middle elementor-section-height-default\" data-id=\"6e1fc6ed\" data-element_type=\"section\">\n\t\t\t\t\t\t<div class=\"elementor-container elementor-column-gap-default\">\n\t\t\t\t\t\t\t<div class=\"elementor-row\">\n\t\t\t\t\t<div class=\"elementor-column elementor-col-50 elementor-top-column elementor-element elementor-element-35607f06\" data-id=\"35607f06\" data-element_type=\"column\" data-settings=\"{&quot;background_background&quot;:&quot;classic&quot;}\">\n\t\t\t<div class=\"elementor-column-wrap elementor-element-populated\">\n\t\t\t\t\t\t\t<div class=\"elementor-widget-wrap\">\n\t\t\t\t\t\t<div class=\"elementor-element elementor-element-7456278 elementor-widget elementor-widget-image\" data-id=\"7456278\" data-element_type=\"widget\" data-widget_type=\"image.default\">\n\t\t\t\t<div class=\"elementor-widget-container\">\n\t\t\t\t\t\t\t\t<div class=\"elementor-image\">\n\t\t\t\t\t\t\t\t\t\t\t\t<img decoding=\"async\" width=\"2048\" height=\"1536\" src=\"https:\/\/www.mattigroup.fi\/wp-content\/uploads\/2022\/12\/P6300323-ORF_DxO_DeepPRIME-2048x1536.jpg\" class=\"attachment-2048x2048 size-2048x2048\" alt=\"\" loading=\"lazy\" srcset=\"https:\/\/www.mattigroup.fi\/wp-content\/uploads\/2022\/12\/P6300323-ORF_DxO_DeepPRIME-2048x1536.jpg 2048w, https:\/\/www.mattigroup.fi\/wp-content\/uploads\/2022\/12\/P6300323-ORF_DxO_DeepPRIME-300x225.jpg 300w, https:\/\/www.mattigroup.fi\/wp-content\/uploads\/2022\/12\/P6300323-ORF_DxO_DeepPRIME-1024x768.jpg 1024w, https:\/\/www.mattigroup.fi\/wp-content\/uploads\/2022\/12\/P6300323-ORF_DxO_DeepPRIME-768x576.jpg 768w, https:\/\/www.mattigroup.fi\/wp-content\/uploads\/2022\/12\/P6300323-ORF_DxO_DeepPRIME-1536x1152.jpg 1536w, https:\/\/www.mattigroup.fi\/wp-content\/uploads\/2022\/12\/P6300323-ORF_DxO_DeepPRIME-16x12.jpg 16w\" sizes=\"(max-width: 2048px) 100vw, 2048px\" \/>\t\t\t\t\t\t\t\t\t\t\t\t\t\t<\/div>\n\t\t\t\t\t\t<\/div>\n\t\t\t\t<\/div>\n\t\t\t\t\t\t<\/div>\n\t\t\t\t\t<\/div>\n\t\t<\/div>\n\t\t\t\t<div class=\"elementor-column elementor-col-50 elementor-top-column elementor-element elementor-element-55c7448f\" data-id=\"55c7448f\" data-element_type=\"column\" data-settings=\"{&quot;background_background&quot;:&quot;classic&quot;}\">\n\t\t\t<div class=\"elementor-column-wrap elementor-element-populated\">\n\t\t\t\t\t\t\t<div class=\"elementor-widget-wrap\">\n\t\t\t\t\t\t<div class=\"elementor-element elementor-element-44ddb68c elementor-widget elementor-widget-heading\" data-id=\"44ddb68c\" data-element_type=\"widget\" data-widget_type=\"heading.default\">\n\t\t\t\t<div class=\"elementor-widget-container\">\n\t\t\t<h1 class=\"elementor-heading-title elementor-size-large\">TARINAMME<\/h1>\t\t<\/div>\n\t\t\t\t<\/div>\n\t\t\t\t<div class=\"elementor-element elementor-element-1d2d8f14 elementor-widget elementor-widget-text-editor\" data-id=\"1d2d8f14\" data-element_type=\"widget\" data-widget_type=\"text-editor.default\">\n\t\t\t\t<div class=\"elementor-widget-container\">\n\t\t\t\t\t\t\t\t<div class=\"elementor-text-editor elementor-clearfix\">\n\t\t\t\t<p>Matti Group Oy on puurakentamiseen erikoistunut yritys monen vuosikymmenen kokemuksella. Matin ura puuveneenveist\u00e4j\u00e4n\u00e4 on hionut h\u00e4nest\u00e4 taitavan muotoilijan ja puunk\u00e4sittelij\u00e4n. My\u00f6s rakennusalalla toimiminen on kartoittanut osaamista muiden materiaalien parissa niin remontointi- kuin uudisrakennust\u00f6iss\u00e4kin. N\u00e4m\u00e4 taidot takaavat luovan sek\u00e4 tarkasti toteutetun ty\u00f6n, tyylitajua unohtamatta. Tarjoamme uniikkia ja persoonallista ty\u00f6t\u00e4 asiakkaan toiveiden mukaisesti. Meid\u00e4n avullamme teet vaativimmistakin rakennusunelmistasi totta.<\/p>\t\t\t\t\t<\/div>\n\t\t\t\t\t\t<\/div>\n\t\t\t\t<\/div>\n\t\t\t\t\t\t<\/div>\n\t\t\t\t\t<\/div>\n\t\t<\/div>\n\t\t\t\t\t\t\t\t<\/div>\n\t\t\t\t\t<\/div>\n\t\t<\/section>\n\t\t\t\t<section class=\"elementor-section elementor-top-section elementor-element elementor-element-56788600 elementor-section-full_width elementor-section-height-default elementor-section-height-default\" data-id=\"56788600\" data-element_type=\"section\" data-settings=\"{&quot;background_background&quot;:&quot;classic&quot;}\">\n\t\t\t\t\t\t<div class=\"elementor-container elementor-column-gap-default\">\n\t\t\t\t\t\t\t<div class=\"elementor-row\">\n\t\t\t\t\t<div class=\"elementor-column elementor-col-50 elementor-top-column elementor-element elementor-element-19694d8f\" data-id=\"19694d8f\" data-element_type=\"column\" data-settings=\"{&quot;background_background&quot;:&quot;classic&quot;}\">\n\t\t\t<div class=\"elementor-column-wrap elementor-element-populated\">\n\t\t\t\t\t\t\t<div class=\"elementor-widget-wrap\">\n\t\t\t\t\t\t<div class=\"elementor-element elementor-element-7cc11df9 elementor-widget elementor-widget-heading\" data-id=\"7cc11df9\" data-element_type=\"widget\" data-widget_type=\"heading.default\">\n\t\t\t\t<div class=\"elementor-widget-container\">\n\t\t\t<h2 class=\"elementor-heading-title elementor-size-large\">Vastuut ja velvoitteet<\/h2>\t\t<\/div>\n\t\t\t\t<\/div>\n\t\t\t\t<div class=\"elementor-element elementor-element-4ba599f elementor-widget-divider--view-line elementor-widget elementor-widget-divider\" data-id=\"4ba599f\" data-element_type=\"widget\" data-widget_type=\"divider.default\">\n\t\t\t\t<div class=\"elementor-widget-container\">\n\t\t\t\t\t<div class=\"elementor-divider\">\n\t\t\t<span class=\"elementor-divider-separator\">\n\t\t\t\t\t\t<\/span>\n\t\t<\/div>\n\t\t\t\t<\/div>\n\t\t\t\t<\/div>\n\t\t\t\t<div class=\"elementor-element elementor-element-cc17006 elementor-widget__width-initial elementor-widget elementor-widget-text-editor\" data-id=\"cc17006\" data-element_type=\"widget\" data-widget_type=\"text-editor.default\">\n\t\t\t\t<div class=\"elementor-widget-container\">\n\t\t\t\t\t\t\t\t<div class=\"elementor-text-editor elementor-clearfix\">\n\t\t\t\t<p><span class=\"EOP SCXW217759120 BCX0\" data-ccp-props=\"{}\"><span class=\"TextRun SCXW217759120 BCX0\" lang=\"FI-FI\" xml:lang=\"FI-FI\" data-contrast=\"auto\"><span class=\"NormalTextRun SCXW217759120 BCX0\">Olemme ylpeit\u00e4 vastuullisista ty\u00f6tavoistamme<\/span><\/span><span class=\"TextRun SCXW217759120 BCX0\" lang=\"FI-FI\" xml:lang=\"FI-FI\" data-contrast=\"auto\"><span class=\"NormalTextRun SCXW217759120 BCX0\">\u00a0ja\u00a0<\/span><\/span><span class=\"TextRun SCXW217759120 BCX0\" lang=\"FI-FI\" xml:lang=\"FI-FI\" data-contrast=\"auto\"><span class=\"NormalTextRun SCXW217759120 BCX0\">voit huoletta luottaa<\/span><\/span><span class=\"TextRun SCXW217759120 BCX0\" lang=\"FI-FI\" xml:lang=\"FI-FI\" data-contrast=\"auto\"><span class=\"NormalTextRun SCXW217759120 BCX0\">\u00a0<\/span><\/span><span class=\"TextRun SCXW217759120 BCX0\" lang=\"FI-FI\" xml:lang=\"FI-FI\" data-contrast=\"auto\"><span class=\"NormalTextRun SCXW217759120 BCX0\">a<\/span><\/span><span class=\"TextRun SCXW217759120 BCX0\" lang=\"FI-FI\" xml:lang=\"FI-FI\" data-contrast=\"auto\"><span class=\"NormalTextRun SCXW217759120 BCX0\">rvonlis\u00e4-\u00a0<\/span><\/span><span class=\"TextRun SCXW217759120 BCX0\" lang=\"FI-FI\" xml:lang=\"FI-FI\" data-contrast=\"auto\"><span class=\"NormalTextRun SCXW217759120 BCX0\">ja\u00a0<\/span><\/span><span class=\"TextRun SCXW217759120 BCX0\" lang=\"FI-FI\" xml:lang=\"FI-FI\" data-contrast=\"auto\"><span class=\"NormalTextRun SCXW217759120 BCX0\">ennakkoverovelvoit<\/span><\/span><span class=\"TextRun SCXW217759120 BCX0\" lang=\"FI-FI\" xml:lang=\"FI-FI\" data-contrast=\"auto\"><span class=\"NormalTextRun SCXW217759120 BCX0\">teiden<\/span><\/span><span class=\"TextRun SCXW217759120 BCX0\" lang=\"FI-FI\" xml:lang=\"FI-FI\" data-contrast=\"auto\"><span class=\"NormalTextRun SCXW217759120 BCX0\"> sek\u00e4 v<\/span><\/span><span class=\"TextRun SCXW217759120 BCX0\" lang=\"FI-FI\" xml:lang=\"FI-FI\" data-contrast=\"auto\"><span class=\"NormalTextRun SCXW217759120 BCX0\">akuutusturva<\/span><\/span><span class=\"TextRun SCXW217759120 BCX0\" lang=\"FI-FI\" xml:lang=\"FI-FI\" data-contrast=\"auto\"><span class=\"NormalTextRun SCXW217759120 BCX0\">n<\/span><\/span><span class=\"TextRun SCXW217759120 BCX0\" lang=\"FI-FI\" xml:lang=\"FI-FI\" data-contrast=\"auto\"><span class=\"NormalTextRun SCXW217759120 BCX0\">\u00a0<\/span><\/span><span class=\"TextRun SCXW217759120 BCX0\" lang=\"FI-FI\" xml:lang=\"FI-FI\" data-contrast=\"auto\"><span class=\"NormalTextRun SCXW217759120 BCX0\">o<\/span><\/span><span class=\"TextRun SCXW217759120 BCX0\" lang=\"FI-FI\" xml:lang=\"FI-FI\" data-contrast=\"auto\"><span class=\"NormalTextRun SCXW217759120 BCX0\">levan<\/span><\/span><span class=\"TextRun SCXW217759120 BCX0\" lang=\"FI-FI\" xml:lang=\"FI-FI\" data-contrast=\"auto\"><span class=\"NormalTextRun SCXW217759120 BCX0\"> kunnossa.<\/span><\/span><\/span><\/p>\t\t\t\t\t<\/div>\n\t\t\t\t\t\t<\/div>\n\t\t\t\t<\/div>\n\t\t\t\t\t\t<\/div>\n\t\t\t\t\t<\/div>\n\t\t<\/div>\n\t\t\t\t<div class=\"elementor-column elementor-col-50 elementor-top-column elementor-element elementor-element-77fc68e9 elementor-hidden-phone\" data-id=\"77fc68e9\" data-element_type=\"column\" data-settings=\"{&quot;background_background&quot;:&quot;classic&quot;}\">\n\t\t\t<div class=\"elementor-column-wrap\">\n\t\t\t\t\t\t\t<div class=\"elementor-widget-wrap\">\n\t\t\t\t\t\t\t\t<\/div>\n\t\t\t\t\t<\/div>\n\t\t<\/div>\n\t\t\t\t\t\t\t\t<\/div>\n\t\t\t\t\t<\/div>\n\t\t<\/section>\n\t\t\t\t<section class=\"elementor-section elementor-top-section elementor-element elementor-element-b9b05b7 elementor-section-full_width elementor-section-height-default elementor-section-height-default\" data-id=\"b9b05b7\" data-element_type=\"section\">\n\t\t\t\t\t\t<div class=\"elementor-container elementor-column-gap-default\">\n\t\t\t\t\t\t\t<div class=\"elementor-row\">\n\t\t\t\t\t<div class=\"elementor-column elementor-col-50 elementor-top-column elementor-element elementor-element-03b7f67\" data-id=\"03b7f67\" data-element_type=\"column\">\n\t\t\t<div class=\"elementor-column-wrap elementor-element-populated\">\n\t\t\t\t\t\t\t<div class=\"elementor-widget-wrap\">\n\t\t\t\t\t\t<div class=\"elementor-element elementor-element-0e39512 elementor-widget elementor-widget-image\" data-id=\"0e39512\" data-element_type=\"widget\" data-widget_type=\"image.default\">\n\t\t\t\t<div class=\"elementor-widget-container\">\n\t\t\t\t\t\t\t\t<div class=\"elementor-image\">\n\t\t\t\t\t\t\t\t\t\t\t\t<img decoding=\"async\" width=\"1080\" height=\"1080\" src=\"https:\/\/www.mattigroup.fi\/wp-content\/uploads\/2022\/12\/Nimeton-suunn.malli_.jpg\" class=\"attachment-full size-full\" alt=\"\" loading=\"lazy\" srcset=\"https:\/\/www.mattigroup.fi\/wp-content\/uploads\/2022\/12\/Nimeton-suunn.malli_.jpg 1080w, https:\/\/www.mattigroup.fi\/wp-content\/uploads\/2022\/12\/Nimeton-suunn.malli_-300x300.jpg 300w, https:\/\/www.mattigroup.fi\/wp-content\/uploads\/2022\/12\/Nimeton-suunn.malli_-1024x1024.jpg 1024w, https:\/\/www.mattigroup.fi\/wp-content\/uploads\/2022\/12\/Nimeton-suunn.malli_-150x150.jpg 150w, https:\/\/www.mattigroup.fi\/wp-content\/uploads\/2022\/12\/Nimeton-suunn.malli_-768x768.jpg 768w, https:\/\/www.mattigroup.fi\/wp-content\/uploads\/2022\/12\/Nimeton-suunn.malli_-12x12.jpg 12w\" sizes=\"(max-width: 1080px) 100vw, 1080px\" \/>\t\t\t\t\t\t\t\t\t\t\t\t\t\t<\/div>\n\t\t\t\t\t\t<\/div>\n\t\t\t\t<\/div>\n\t\t\t\t<div class=\"elementor-element elementor-element-761623f elementor-hidden-phone elementor-widget elementor-widget-spacer\" data-id=\"761623f\" data-element_type=\"widget\" data-widget_type=\"spacer.default\">\n\t\t\t\t<div class=\"elementor-widget-container\">\n\t\t\t\t\t<div class=\"elementor-spacer\">\n\t\t\t<div class=\"elementor-spacer-inner\"><\/div>\n\t\t<\/div>\n\t\t\t\t<\/div>\n\t\t\t\t<\/div>\n\t\t\t\t\t\t<\/div>\n\t\t\t\t\t<\/div>\n\t\t<\/div>\n\t\t\t\t<div class=\"elementor-column elementor-col-50 elementor-top-column elementor-element elementor-element-9bb9f84\" data-id=\"9bb9f84\" data-element_type=\"column\" data-settings=\"{&quot;background_background&quot;:&quot;classic&quot;}\">\n\t\t\t<div class=\"elementor-column-wrap elementor-element-populated\">\n\t\t\t\t\t\t\t<div class=\"elementor-widget-wrap\">\n\t\t\t\t\t\t<div class=\"elementor-element elementor-element-f1e5492 elementor-widget elementor-widget-spacer\" data-id=\"f1e5492\" data-element_type=\"widget\" data-widget_type=\"spacer.default\">\n\t\t\t\t<div class=\"elementor-widget-container\">\n\t\t\t\t\t<div class=\"elementor-spacer\">\n\t\t\t<div class=\"elementor-spacer-inner\"><\/div>\n\t\t<\/div>\n\t\t\t\t<\/div>\n\t\t\t\t<\/div>\n\t\t\t\t<div class=\"elementor-element elementor-element-71c7381 elementor-blockquote--skin-quotation elementor-blockquote--button-color-official elementor-widget elementor-widget-blockquote\" data-id=\"71c7381\" data-element_type=\"widget\" data-widget_type=\"blockquote.default\">\n\t\t\t\t<div class=\"elementor-widget-container\">\n\t\t\t\t\t<blockquote class=\"elementor-blockquote\">\n\t\t\t<p class=\"elementor-blockquote__content\">\n\t\t\t\tTehd\u00e4\u00e4n kerralla kuntoon, ettei tarvitse uusia niin montaa kertaa.\t\t\t<\/p>\n\t\t\t\t\t\t\t<footer>\n\t\t\t\t\t\t\t\t\t\t\t<cite class=\"elementor-blockquote__author\">Matti Salminen<\/cite>\n\t\t\t\t\t\t\t\t\t\t\t\t\t\t<\/footer>\n\t\t\t\t\t<\/blockquote>\n\t\t\t\t<\/div>\n\t\t\t\t<\/div>\n\t\t\t\t\t\t<\/div>\n\t\t\t\t\t<\/div>\n\t\t<\/div>\n\t\t\t\t\t\t\t\t<\/div>\n\t\t\t\t\t<\/div>\n\t\t<\/section>\n\t\t\t\t\t\t\t\t\t<\/div>\n\t\t\t<\/div>\n\t\t\t\t\t<\/div>\n\t\t","protected":false},"excerpt":{"rendered":"<p>Meist\u00e4 TARINAMME Matti Group Oy on puurakentamiseen erikoistunut yritys monen vuosikymmenen kokemuksella. Matin ura puuveneenveist\u00e4j\u00e4n\u00e4 on hionut h\u00e4nest\u00e4 taitavan muotoilijan ja puunk\u00e4sittelij\u00e4n. My\u00f6s rakennusalalla toimiminen on kartoittanut osaamista muiden materiaalien parissa niin remontointi- kuin uudisrakennust\u00f6iss\u00e4kin. N\u00e4m\u00e4 taidot takaavat luovan sek\u00e4 tarkasti toteutetun ty\u00f6n, tyylitajua unohtamatta. Tarjoamme uniikkia ja persoonallista ty\u00f6t\u00e4 asiakkaan toiveiden mukaisesti. Meid\u00e4n avullamme [&hellip;]<\/p>\n","protected":false},"author":1,"featured_media":0,"parent":0,"menu_order":0,"comment_status":"closed","ping_status":"closed","template":"","meta":[],"_links":{"self":[{"href":"http:\/\/www.mattigroup.fi\/fi\/wp-json\/wp\/v2\/pages\/148"}],"collection":[{"href":"http:\/\/www.mattigroup.fi\/fi\/wp-json\/wp\/v2\/pages"}],"about":[{"href":"http:\/\/www.mattigroup.fi\/fi\/wp-json\/wp\/v2\/types\/page"}],"author":[{"embeddable":true,"href":"http:\/\/www.mattigroup.fi\/fi\/wp-json\/wp\/v2\/users\/1"}],"replies":[{"embeddable":true,"href":"http:\/\/www.mattigroup.fi\/fi\/wp-json\/wp\/v2\/comments?post=148"}],"version-history":[{"count":32,"href":"http:\/\/www.mattigroup.fi\/fi\/wp-json\/wp\/v2\/pages\/148\/revisions"}],"predecessor-version":[{"id":345,"href":"http:\/\/www.mattigroup.fi\/fi\/wp-json\/wp\/v2\/pages\/148\/revisions\/345"}],"wp:attachment":[{"href":"http:\/\/www.mattigroup.fi\/fi\/wp-json\/wp\/v2\/media?parent=148"}],"curies":[{"name":"wp","href":"https:\/\/api.w.org\/{rel}","templated":true}]}}