{"id":94,"date":"2020-04-15T06:00:12","date_gmt":"2020-04-15T06:00:12","guid":{"rendered":"https:\/\/www.mattigroup.fi\/?page_id=94"},"modified":"2022-12-13T10:38:10","modified_gmt":"2022-12-13T10:38:10","slug":"etusivu","status":"publish","type":"page","link":"http:\/\/www.mattigroup.fi\/fi\/","title":{"rendered":"Etusivu"},"content":{"rendered":"\t\t<div data-elementor-type=\"wp-page\" data-elementor-id=\"94\" class=\"elementor elementor-94\">\n\t\t\t\t\t\t<div class=\"elementor-inner\">\n\t\t\t\t<div class=\"elementor-section-wrap\">\n\t\t\t\t\t\t\t\t\t<section class=\"elementor-section elementor-top-section elementor-element elementor-element-68138fcb elementor-section-height-min-height elementor-section-boxed elementor-section-height-default elementor-section-items-middle\" data-id=\"68138fcb\" data-element_type=\"section\" id=\"uppage\" data-settings=\"{&quot;background_background&quot;:&quot;classic&quot;}\">\n\t\t\t\t\t\t\t<div class=\"elementor-background-overlay\"><\/div>\n\t\t\t\t\t\t\t<div class=\"elementor-container elementor-column-gap-no\">\n\t\t\t\t\t\t\t<div class=\"elementor-row\">\n\t\t\t\t\t<div class=\"elementor-column elementor-col-100 elementor-top-column elementor-element elementor-element-6f654454\" data-id=\"6f654454\" data-element_type=\"column\">\n\t\t\t<div class=\"elementor-column-wrap elementor-element-populated\">\n\t\t\t\t\t\t\t<div class=\"elementor-widget-wrap\">\n\t\t\t\t\t\t<div class=\"elementor-element elementor-element-679d9c5d elementor-widget elementor-widget-heading\" data-id=\"679d9c5d\" data-element_type=\"widget\" data-widget_type=\"heading.default\">\n\t\t\t\t<div class=\"elementor-widget-container\">\n\t\t\t<h1 class=\"elementor-heading-title elementor-size-large\">Matti Group oy<\/h1>\t\t<\/div>\n\t\t\t\t<\/div>\n\t\t\t\t<div class=\"elementor-element elementor-element-7797432e elementor-widget elementor-widget-heading\" data-id=\"7797432e\" data-element_type=\"widget\" data-widget_type=\"heading.default\">\n\t\t\t\t<div class=\"elementor-widget-container\">\n\t\t\t<h2 class=\"elementor-heading-title elementor-size-large\">Yksil\u00f6llisi\u00e4 ratkaisuja 25 vuoden kokemuksella muotoilusta ja rakennust\u00f6ist\u00e4<\/h2>\t\t<\/div>\n\t\t\t\t<\/div>\n\t\t\t\t<div class=\"elementor-element elementor-element-18f0857e elementor-widget elementor-widget-spacer\" data-id=\"18f0857e\" data-element_type=\"widget\" data-widget_type=\"spacer.default\">\n\t\t\t\t<div class=\"elementor-widget-container\">\n\t\t\t\t\t<div class=\"elementor-spacer\">\n\t\t\t<div class=\"elementor-spacer-inner\"><\/div>\n\t\t<\/div>\n\t\t\t\t<\/div>\n\t\t\t\t<\/div>\n\t\t\t\t\t\t<\/div>\n\t\t\t\t\t<\/div>\n\t\t<\/div>\n\t\t\t\t\t\t\t\t<\/div>\n\t\t\t\t\t<\/div>\n\t\t<\/section>\n\t\t\t\t<section class=\"elementor-section elementor-top-section elementor-element elementor-element-6e562385 elementor-section-boxed elementor-section-height-default elementor-section-height-default\" data-id=\"6e562385\" data-element_type=\"section\">\n\t\t\t\t\t\t<div class=\"elementor-container elementor-column-gap-default\">\n\t\t\t\t\t\t\t<div class=\"elementor-row\">\n\t\t\t\t\t<div class=\"elementor-column elementor-col-100 elementor-top-column elementor-element elementor-element-4cd25bac\" data-id=\"4cd25bac\" data-element_type=\"column\" data-settings=\"{&quot;background_background&quot;:&quot;classic&quot;}\">\n\t\t\t<div class=\"elementor-column-wrap elementor-element-populated\">\n\t\t\t\t\t\t\t<div class=\"elementor-widget-wrap\">\n\t\t\t\t\t\t<section class=\"elementor-section elementor-inner-section elementor-element elementor-element-6ca307f elementor-section-boxed elementor-section-height-default elementor-section-height-default\" data-id=\"6ca307f\" data-element_type=\"section\">\n\t\t\t\t\t\t<div class=\"elementor-container elementor-column-gap-no\">\n\t\t\t\t\t\t\t<div class=\"elementor-row\">\n\t\t\t\t\t<div class=\"elementor-column elementor-col-50 elementor-inner-column elementor-element elementor-element-5e91f294\" data-id=\"5e91f294\" data-element_type=\"column\">\n\t\t\t<div class=\"elementor-column-wrap elementor-element-populated\">\n\t\t\t\t\t\t\t<div class=\"elementor-widget-wrap\">\n\t\t\t\t\t\t<div class=\"elementor-element elementor-element-5fe48aab elementor-position-left elementor-vertical-align-top elementor-widget elementor-widget-image-box\" data-id=\"5fe48aab\" data-element_type=\"widget\" data-widget_type=\"image-box.default\">\n\t\t\t\t<div class=\"elementor-widget-container\">\n\t\t\t<div class=\"elementor-image-box-wrapper\"><figure class=\"elementor-image-box-img\"><img decoding=\"async\" width=\"62\" height=\"67\" src=\"https:\/\/www.mattigroup.fi\/wp-content\/uploads\/2020\/06\/Asset-7.png\" class=\"attachment-full size-full\" alt=\"\" loading=\"lazy\" \/><\/figure><div class=\"elementor-image-box-content\"><h3 class=\"elementor-image-box-title\">Uudisrakennus<\/h3><p class=\"elementor-image-box-description\">Luomme n\u00e4ytt\u00e4vi\u00e4 ja kest\u00e4vi\u00e4 rakenteita tarpeidesi mukaisesti.<\/p><\/div><\/div>\t\t<\/div>\n\t\t\t\t<\/div>\n\t\t\t\t\t\t<\/div>\n\t\t\t\t\t<\/div>\n\t\t<\/div>\n\t\t\t\t<div class=\"elementor-column elementor-col-50 elementor-inner-column elementor-element elementor-element-7e0e5c9a\" data-id=\"7e0e5c9a\" data-element_type=\"column\">\n\t\t\t<div class=\"elementor-column-wrap elementor-element-populated\">\n\t\t\t\t\t\t\t<div class=\"elementor-widget-wrap\">\n\t\t\t\t\t\t<div class=\"elementor-element elementor-element-75f29081 elementor-position-left elementor-vertical-align-top elementor-widget elementor-widget-image-box\" data-id=\"75f29081\" data-element_type=\"widget\" data-widget_type=\"image-box.default\">\n\t\t\t\t<div class=\"elementor-widget-container\">\n\t\t\t<div class=\"elementor-image-box-wrapper\"><figure class=\"elementor-image-box-img\"><img decoding=\"async\" width=\"53\" height=\"68\" src=\"https:\/\/www.mattigroup.fi\/wp-content\/uploads\/2020\/06\/Asset-5.png\" class=\"attachment-full size-full\" alt=\"\" loading=\"lazy\" \/><\/figure><div class=\"elementor-image-box-content\"><h3 class=\"elementor-image-box-title\">Erikoisratkaisut<\/h3><p class=\"elementor-image-box-description\">Toteutamme ainutlaatuisia k\u00e4sity\u00f6ratkaisuja toiveitasi kuunnellen.<\/p><\/div><\/div>\t\t<\/div>\n\t\t\t\t<\/div>\n\t\t\t\t\t\t<\/div>\n\t\t\t\t\t<\/div>\n\t\t<\/div>\n\t\t\t\t\t\t\t\t<\/div>\n\t\t\t\t\t<\/div>\n\t\t<\/section>\n\t\t\t\t<section class=\"elementor-section elementor-inner-section elementor-element elementor-element-71b9a463 elementor-section-boxed elementor-section-height-default elementor-section-height-default\" data-id=\"71b9a463\" data-element_type=\"section\">\n\t\t\t\t\t\t<div class=\"elementor-container elementor-column-gap-no\">\n\t\t\t\t\t\t\t<div class=\"elementor-row\">\n\t\t\t\t\t<div class=\"elementor-column elementor-col-50 elementor-inner-column elementor-element elementor-element-51e52f58\" data-id=\"51e52f58\" data-element_type=\"column\">\n\t\t\t<div class=\"elementor-column-wrap elementor-element-populated\">\n\t\t\t\t\t\t\t<div class=\"elementor-widget-wrap\">\n\t\t\t\t\t\t<div class=\"elementor-element elementor-element-3b406505 elementor-position-left elementor-vertical-align-top elementor-widget elementor-widget-image-box\" data-id=\"3b406505\" data-element_type=\"widget\" data-widget_type=\"image-box.default\">\n\t\t\t\t<div class=\"elementor-widget-container\">\n\t\t\t<div class=\"elementor-image-box-wrapper\"><figure class=\"elementor-image-box-img\"><img decoding=\"async\" width=\"64\" height=\"56\" src=\"https:\/\/www.mattigroup.fi\/wp-content\/uploads\/2020\/06\/Asset-1.png\" class=\"attachment-full size-full\" alt=\"\" loading=\"lazy\" \/><\/figure><div class=\"elementor-image-box-content\"><h3 class=\"elementor-image-box-title\">Pintak\u00e4sittelyt<\/h3><p class=\"elementor-image-box-description\">Meilt\u00e4 onnistuu erilaisten pintojen huoltaminen sek\u00e4 k\u00e4sittely vankalla kokemuksella.<\/p><\/div><\/div>\t\t<\/div>\n\t\t\t\t<\/div>\n\t\t\t\t\t\t<\/div>\n\t\t\t\t\t<\/div>\n\t\t<\/div>\n\t\t\t\t<div class=\"elementor-column elementor-col-50 elementor-inner-column elementor-element elementor-element-35472f54\" data-id=\"35472f54\" data-element_type=\"column\">\n\t\t\t<div class=\"elementor-column-wrap elementor-element-populated\">\n\t\t\t\t\t\t\t<div class=\"elementor-widget-wrap\">\n\t\t\t\t\t\t<div class=\"elementor-element elementor-element-648924f0 elementor-position-left elementor-vertical-align-top elementor-widget elementor-widget-image-box\" data-id=\"648924f0\" data-element_type=\"widget\" data-widget_type=\"image-box.default\">\n\t\t\t\t<div class=\"elementor-widget-container\">\n\t\t\t<div class=\"elementor-image-box-wrapper\"><figure class=\"elementor-image-box-img\"><img decoding=\"async\" width=\"63\" height=\"51\" src=\"https:\/\/www.mattigroup.fi\/wp-content\/uploads\/2020\/06\/Asset-4.png\" class=\"attachment-full size-full\" alt=\"\" loading=\"lazy\" \/><\/figure><div class=\"elementor-image-box-content\"><h3 class=\"elementor-image-box-title\">Remontointi<\/h3><p class=\"elementor-image-box-description\">Kaipaako kotisi p\u00e4ivityst\u00e4 asiantuntevalla otteella?\n<\/p><\/div><\/div>\t\t<\/div>\n\t\t\t\t<\/div>\n\t\t\t\t\t\t<\/div>\n\t\t\t\t\t<\/div>\n\t\t<\/div>\n\t\t\t\t\t\t\t\t<\/div>\n\t\t\t\t\t<\/div>\n\t\t<\/section>\n\t\t\t\t\t\t<\/div>\n\t\t\t\t\t<\/div>\n\t\t<\/div>\n\t\t\t\t\t\t\t\t<\/div>\n\t\t\t\t\t<\/div>\n\t\t<\/section>\n\t\t\t\t<section class=\"elementor-section elementor-top-section elementor-element elementor-element-6d11b690 elementor-section-content-middle elementor-reverse-mobile elementor-section-boxed elementor-section-height-default elementor-section-height-default\" data-id=\"6d11b690\" data-element_type=\"section\">\n\t\t\t\t\t\t<div class=\"elementor-container elementor-column-gap-no\">\n\t\t\t\t\t\t\t<div class=\"elementor-row\">\n\t\t\t\t\t<div class=\"elementor-column elementor-col-50 elementor-top-column elementor-element elementor-element-6f5f46ea\" data-id=\"6f5f46ea\" data-element_type=\"column\">\n\t\t\t<div class=\"elementor-column-wrap elementor-element-populated\">\n\t\t\t\t\t\t\t<div class=\"elementor-widget-wrap\">\n\t\t\t\t\t\t<div class=\"elementor-element elementor-element-5385c176 elementor-widget elementor-widget-heading\" data-id=\"5385c176\" data-element_type=\"widget\" data-widget_type=\"heading.default\">\n\t\t\t\t<div class=\"elementor-widget-container\">\n\t\t\t<h3 class=\"elementor-heading-title elementor-size-large\">Miksi valita meid\u00e4t?<\/h3>\t\t<\/div>\n\t\t\t\t<\/div>\n\t\t\t\t<div class=\"elementor-element elementor-element-40ea3341 elementor-widget-divider--view-line elementor-widget elementor-widget-divider\" data-id=\"40ea3341\" data-element_type=\"widget\" data-widget_type=\"divider.default\">\n\t\t\t\t<div class=\"elementor-widget-container\">\n\t\t\t\t\t<div class=\"elementor-divider\">\n\t\t\t<span class=\"elementor-divider-separator\">\n\t\t\t\t\t\t<\/span>\n\t\t<\/div>\n\t\t\t\t<\/div>\n\t\t\t\t<\/div>\n\t\t\t\t<div class=\"elementor-element elementor-element-1ea3dd22 elementor-widget elementor-widget-text-editor\" data-id=\"1ea3dd22\" data-element_type=\"widget\" data-widget_type=\"text-editor.default\">\n\t\t\t\t<div class=\"elementor-widget-container\">\n\t\t\t\t\t\t\t\t<div class=\"elementor-text-editor elementor-clearfix\">\n\t\t\t\t<p>Ty\u00f6n j\u00e4lkemme kest\u00e4\u00e4 aikaa ja kulutusta. Suunnittelemme arjessa k\u00e4yt\u00e4nn\u00f6llisi\u00e4 ja ekologisesti toteutettuja ratkaisuja. Perusta luodaan valitsemalla oikea puu oikeaan k\u00e4ytt\u00f6tarkoitukseen. Kaunis lopputulos saadaan perinteisill\u00e4 ty\u00f6metodeilla ja vastuullisilla arvoilla.<\/p>\t\t\t\t\t<\/div>\n\t\t\t\t\t\t<\/div>\n\t\t\t\t<\/div>\n\t\t\t\t\t\t<\/div>\n\t\t\t\t\t<\/div>\n\t\t<\/div>\n\t\t\t\t<div class=\"elementor-column elementor-col-50 elementor-top-column elementor-element elementor-element-7da4cb35\" data-id=\"7da4cb35\" data-element_type=\"column\">\n\t\t\t<div class=\"elementor-column-wrap elementor-element-populated\">\n\t\t\t\t\t\t\t<div class=\"elementor-widget-wrap\">\n\t\t\t\t\t\t<div class=\"elementor-element elementor-element-5c49cd37 elementor-widget elementor-widget-image\" data-id=\"5c49cd37\" data-element_type=\"widget\" data-widget_type=\"image.default\">\n\t\t\t\t<div class=\"elementor-widget-container\">\n\t\t\t\t\t\t\t\t<div class=\"elementor-image\">\n\t\t\t\t\t\t\t\t\t\t\t\t<img decoding=\"async\" width=\"800\" height=\"640\" src=\"https:\/\/www.mattigroup.fi\/wp-content\/uploads\/2022\/12\/P6290309-ORF_DxO_DeepPRIME-1024x819.jpg\" class=\"attachment-large size-large\" alt=\"\" loading=\"lazy\" srcset=\"https:\/\/www.mattigroup.fi\/wp-content\/uploads\/2022\/12\/P6290309-ORF_DxO_DeepPRIME-1024x819.jpg 1024w, https:\/\/www.mattigroup.fi\/wp-content\/uploads\/2022\/12\/P6290309-ORF_DxO_DeepPRIME-300x240.jpg 300w, https:\/\/www.mattigroup.fi\/wp-content\/uploads\/2022\/12\/P6290309-ORF_DxO_DeepPRIME-768x614.jpg 768w, https:\/\/www.mattigroup.fi\/wp-content\/uploads\/2022\/12\/P6290309-ORF_DxO_DeepPRIME-1536x1229.jpg 1536w, https:\/\/www.mattigroup.fi\/wp-content\/uploads\/2022\/12\/P6290309-ORF_DxO_DeepPRIME-2048x1638.jpg 2048w, https:\/\/www.mattigroup.fi\/wp-content\/uploads\/2022\/12\/P6290309-ORF_DxO_DeepPRIME-15x12.jpg 15w\" sizes=\"(max-width: 800px) 100vw, 800px\" \/>\t\t\t\t\t\t\t\t\t\t\t\t\t\t<\/div>\n\t\t\t\t\t\t<\/div>\n\t\t\t\t<\/div>\n\t\t\t\t\t\t<\/div>\n\t\t\t\t\t<\/div>\n\t\t<\/div>\n\t\t\t\t\t\t\t\t<\/div>\n\t\t\t\t\t<\/div>\n\t\t<\/section>\n\t\t\t\t\t\t\t\t\t<\/div>\n\t\t\t<\/div>\n\t\t\t\t\t<\/div>\n\t\t","protected":false},"excerpt":{"rendered":"<p>Matti Group oy Yksil\u00f6llisi\u00e4 ratkaisuja 25 vuoden kokemuksella muotoilusta ja rakennust\u00f6ist\u00e4 Uudisrakennus Luomme n\u00e4ytt\u00e4vi\u00e4 ja kest\u00e4vi\u00e4 rakenteita tarpeidesi mukaisesti. Erikoisratkaisut Toteutamme ainutlaatuisia k\u00e4sity\u00f6ratkaisuja toiveitasi kuunnellen. Pintak\u00e4sittelyt Meilt\u00e4 onnistuu erilaisten pintojen huoltaminen sek\u00e4 k\u00e4sittely vankalla kokemuksella. Remontointi Kaipaako kotisi p\u00e4ivityst\u00e4 asiantuntevalla otteella? Miksi valita meid\u00e4t? Ty\u00f6n j\u00e4lkemme kest\u00e4\u00e4 aikaa ja kulutusta. Suunnittelemme arjessa k\u00e4yt\u00e4nn\u00f6llisi\u00e4 ja ekologisesti [&hellip;]<\/p>\n","protected":false},"author":1,"featured_media":0,"parent":0,"menu_order":0,"comment_status":"closed","ping_status":"closed","template":"","meta":[],"_links":{"self":[{"href":"http:\/\/www.mattigroup.fi\/fi\/wp-json\/wp\/v2\/pages\/94"}],"collection":[{"href":"http:\/\/www.mattigroup.fi\/fi\/wp-json\/wp\/v2\/pages"}],"about":[{"href":"http:\/\/www.mattigroup.fi\/fi\/wp-json\/wp\/v2\/types\/page"}],"author":[{"embeddable":true,"href":"http:\/\/www.mattigroup.fi\/fi\/wp-json\/wp\/v2\/users\/1"}],"replies":[{"embeddable":true,"href":"http:\/\/www.mattigroup.fi\/fi\/wp-json\/wp\/v2\/comments?post=94"}],"version-history":[{"count":22,"href":"http:\/\/www.mattigroup.fi\/fi\/wp-json\/wp\/v2\/pages\/94\/revisions"}],"predecessor-version":[{"id":323,"href":"http:\/\/www.mattigroup.fi\/fi\/wp-json\/wp\/v2\/pages\/94\/revisions\/323"}],"wp:attachment":[{"href":"http:\/\/www.mattigroup.fi\/fi\/wp-json\/wp\/v2\/media?parent=94"}],"curies":[{"name":"wp","href":"https:\/\/api.w.org\/{rel}","templated":true}]}}